{"id":28,"date":"2012-05-22T20:43:52","date_gmt":"2012-05-22T20:43:52","guid":{"rendered":"http:\/\/aliquando.id-3.net\/?page_id=28"},"modified":"2023-01-12T11:46:46","modified_gmt":"2023-01-12T16:46:46","slug":"mes-proprietes","status":"publish","type":"page","link":"https:\/\/maisonbourgeois.ca\/en\/mes-proprietes\/","title":{"rendered":"My properties"},"content":{"rendered":"<p><\/p>\n<p><\/p>","protected":false},"excerpt":{"rendered":"","protected":false},"author":1,"featured_media":0,"parent":0,"menu_order":10,"comment_status":"open","ping_status":"closed","template":"t_listings.php","meta":{"_acf_changed":false,"footnotes":""},"class_list":["post-28","page","type-page","status-publish","hentry"],"acf":[],"yoast_head":"<!-- This site is optimized with the Yoast SEO plugin v26.7 - https:\/\/yoast.com\/wordpress\/plugins\/seo\/ -->\n<title>My properties - Jacinthe Bourgeois - Vendirect<\/title>\n<meta name=\"description\" content=\"Properties for sale Saint-J\u00e9r\u00f4me, Mirabel, Laurentides and Lanaudi\u00e8re  Are you looking for a porperty for sale in Saint-J\u00e9r\u00f4me, Mirabel, Laurentides and Lanaudi\u00e8re? Discover the properties offered by Jacinthe Bourgeois, Vendirect real estate broker. For information, call : 450-438-8030.\" \/>\n<meta name=\"robots\" content=\"index, follow, max-snippet:-1, max-image-preview:large, max-video-preview:-1\" \/>\n<link rel=\"canonical\" href=\"https:\/\/maisonbourgeois.ca\/en\/mes-proprietes\/\" \/>\n<meta property=\"og:locale\" content=\"en_US\" \/>\n<meta property=\"og:type\" content=\"article\" \/>\n<meta property=\"og:title\" content=\"My properties - Jacinthe Bourgeois - Vendirect\" \/>\n<meta property=\"og:description\" content=\"Properties for sale Saint-J\u00e9r\u00f4me, Mirabel, Laurentides and Lanaudi\u00e8re  Are you looking for a porperty for sale in Saint-J\u00e9r\u00f4me, Mirabel, Laurentides and Lanaudi\u00e8re? Discover the properties offered by Jacinthe Bourgeois, Vendirect real estate broker. For information, call : 450-438-8030.\" \/>\n<meta property=\"og:url\" content=\"https:\/\/maisonbourgeois.ca\/en\/mes-proprietes\/\" \/>\n<meta property=\"og:site_name\" content=\"Jacinthe Bourgeois - Vendirect\" \/>\n<meta property=\"article:publisher\" content=\"https:\/\/www.facebook.com\/courtierjacinthe.ca\" \/>\n<meta property=\"article:modified_time\" content=\"2023-01-12T16:46:46+00:00\" \/>\n<meta property=\"og:image\" content=\"https:\/\/maisonbourgeois.ca\/files\/2023\/01\/jacinthe-bourgeois-courtier-immobilier.png\" \/>\n\t<meta property=\"og:image:width\" content=\"787\" \/>\n\t<meta property=\"og:image:height\" content=\"443\" \/>\n\t<meta property=\"og:image:type\" content=\"image\/png\" \/>\n<meta name=\"twitter:card\" content=\"summary_large_image\" \/>\n<meta name=\"twitter:site\" content=\"@BourgeoisJacin4\" \/>\n<script type=\"application\/ld+json\" class=\"yoast-schema-graph\">{\"@context\":\"https:\/\/schema.org\",\"@graph\":[{\"@type\":\"WebPage\",\"@id\":\"https:\/\/maisonbourgeois.ca\/en\/mes-proprietes\/\",\"url\":\"https:\/\/maisonbourgeois.ca\/en\/mes-proprietes\/\",\"name\":\"[:fr]Mes propri\u00e9t\u00e9s[:en]My properties[:] - Jacinthe Bourgeois - Vendirect\",\"isPartOf\":{\"@id\":\"https:\/\/maisonbourgeois.ca\/#website\"},\"datePublished\":\"2012-05-22T20:43:52+00:00\",\"dateModified\":\"2023-01-12T16:46:46+00:00\",\"description\":\"Properties for sale Saint-J\u00e9r\u00f4me, Mirabel, Laurentides and Lanaudi\u00e8re Are you looking for a porperty for sale in Saint-J\u00e9r\u00f4me, Mirabel, Laurentides and Lanaudi\u00e8re? Discover the properties offered by Jacinthe Bourgeois, Vendirect real estate broker. For information, call : 450-438-8030.\",\"breadcrumb\":{\"@id\":\"https:\/\/maisonbourgeois.ca\/en\/mes-proprietes\/#breadcrumb\"},\"inLanguage\":\"en-US\",\"potentialAction\":[{\"@type\":\"ReadAction\",\"target\":[\"https:\/\/maisonbourgeois.ca\/en\/mes-proprietes\/\"]}]},{\"@type\":\"BreadcrumbList\",\"@id\":\"https:\/\/maisonbourgeois.ca\/en\/mes-proprietes\/#breadcrumb\",\"itemListElement\":[{\"@type\":\"ListItem\",\"position\":1,\"name\":\"Accueil\",\"item\":\"https:\/\/maisonbourgeois.ca\/\"},{\"@type\":\"ListItem\",\"position\":2,\"name\":\"My properties\"}]},{\"@type\":\"WebSite\",\"@id\":\"https:\/\/maisonbourgeois.ca\/#website\",\"url\":\"https:\/\/maisonbourgeois.ca\/\",\"name\":\"Jacinthe Bourgeois - Vendirect\",\"description\":\"Real Estate Broker\",\"potentialAction\":[{\"@type\":\"SearchAction\",\"target\":{\"@type\":\"EntryPoint\",\"urlTemplate\":\"https:\/\/maisonbourgeois.ca\/?s={search_term_string}\"},\"query-input\":{\"@type\":\"PropertyValueSpecification\",\"valueRequired\":true,\"valueName\":\"search_term_string\"}}],\"inLanguage\":\"en-US\"}]}<\/script>\n<!-- \/ Yoast SEO plugin. -->","yoast_head_json":{"title":"My properties - Jacinthe Bourgeois - Vendirect","description":"Properties for sale Saint-J\u00e9r\u00f4me, Mirabel, Laurentides and Lanaudi\u00e8re  Are you looking for a porperty for sale in Saint-J\u00e9r\u00f4me, Mirabel, Laurentides and Lanaudi\u00e8re? Discover the properties offered by Jacinthe Bourgeois, Vendirect real estate broker. For information, call : 450-438-8030.","robots":{"index":"index","follow":"follow","max-snippet":"max-snippet:-1","max-image-preview":"max-image-preview:large","max-video-preview":"max-video-preview:-1"},"canonical":"https:\/\/maisonbourgeois.ca\/en\/mes-proprietes\/","og_locale":"en_US","og_type":"article","og_title":"My properties - Jacinthe Bourgeois - Vendirect","og_description":"Properties for sale Saint-J\u00e9r\u00f4me, Mirabel, Laurentides and Lanaudi\u00e8re  Are you looking for a porperty for sale in Saint-J\u00e9r\u00f4me, Mirabel, Laurentides and Lanaudi\u00e8re? Discover the properties offered by Jacinthe Bourgeois, Vendirect real estate broker. For information, call : 450-438-8030.","og_url":"https:\/\/maisonbourgeois.ca\/en\/mes-proprietes\/","og_site_name":"Jacinthe Bourgeois - Vendirect","article_publisher":"https:\/\/www.facebook.com\/courtierjacinthe.ca","article_modified_time":"2023-01-12T16:46:46+00:00","og_image":[{"width":787,"height":443,"url":"https:\/\/maisonbourgeois.ca\/files\/2023\/01\/jacinthe-bourgeois-courtier-immobilier.png","type":"image\/png"}],"twitter_card":"summary_large_image","twitter_site":"@BourgeoisJacin4","schema":{"@context":"https:\/\/schema.org","@graph":[{"@type":"WebPage","@id":"https:\/\/maisonbourgeois.ca\/en\/mes-proprietes\/","url":"https:\/\/maisonbourgeois.ca\/en\/mes-proprietes\/","name":"[:fr]Mes propri\u00e9t\u00e9s[:en]My properties[:] - Jacinthe Bourgeois - Vendirect","isPartOf":{"@id":"https:\/\/maisonbourgeois.ca\/#website"},"datePublished":"2012-05-22T20:43:52+00:00","dateModified":"2023-01-12T16:46:46+00:00","description":"Properties for sale Saint-J\u00e9r\u00f4me, Mirabel, Laurentides and Lanaudi\u00e8re Are you looking for a porperty for sale in Saint-J\u00e9r\u00f4me, Mirabel, Laurentides and Lanaudi\u00e8re? Discover the properties offered by Jacinthe Bourgeois, Vendirect real estate broker. For information, call : 450-438-8030.","breadcrumb":{"@id":"https:\/\/maisonbourgeois.ca\/en\/mes-proprietes\/#breadcrumb"},"inLanguage":"en-US","potentialAction":[{"@type":"ReadAction","target":["https:\/\/maisonbourgeois.ca\/en\/mes-proprietes\/"]}]},{"@type":"BreadcrumbList","@id":"https:\/\/maisonbourgeois.ca\/en\/mes-proprietes\/#breadcrumb","itemListElement":[{"@type":"ListItem","position":1,"name":"Accueil","item":"https:\/\/maisonbourgeois.ca\/"},{"@type":"ListItem","position":2,"name":"My properties"}]},{"@type":"WebSite","@id":"https:\/\/maisonbourgeois.ca\/#website","url":"https:\/\/maisonbourgeois.ca\/","name":"Jacinthe Bourgeois - Vendirect","description":"Real Estate Broker","potentialAction":[{"@type":"SearchAction","target":{"@type":"EntryPoint","urlTemplate":"https:\/\/maisonbourgeois.ca\/?s={search_term_string}"},"query-input":{"@type":"PropertyValueSpecification","valueRequired":true,"valueName":"search_term_string"}}],"inLanguage":"en-US"}]}},"_links":{"self":[{"href":"https:\/\/maisonbourgeois.ca\/en\/wp-json\/wp\/v2\/pages\/28","targetHints":{"allow":["GET"]}}],"collection":[{"href":"https:\/\/maisonbourgeois.ca\/en\/wp-json\/wp\/v2\/pages"}],"about":[{"href":"https:\/\/maisonbourgeois.ca\/en\/wp-json\/wp\/v2\/types\/page"}],"author":[{"embeddable":true,"href":"https:\/\/maisonbourgeois.ca\/en\/wp-json\/wp\/v2\/users\/1"}],"replies":[{"embeddable":true,"href":"https:\/\/maisonbourgeois.ca\/en\/wp-json\/wp\/v2\/comments?post=28"}],"version-history":[{"count":2,"href":"https:\/\/maisonbourgeois.ca\/en\/wp-json\/wp\/v2\/pages\/28\/revisions"}],"predecessor-version":[{"id":4200,"href":"https:\/\/maisonbourgeois.ca\/en\/wp-json\/wp\/v2\/pages\/28\/revisions\/4200"}],"wp:attachment":[{"href":"https:\/\/maisonbourgeois.ca\/en\/wp-json\/wp\/v2\/media?parent=28"}],"curies":[{"name":"wp","href":"https:\/\/api.w.org\/{rel}","templated":true}]}}